{"id":102,"date":"2018-05-26T10:13:56","date_gmt":"2018-05-26T08:13:56","guid":{"rendered":"https:\/\/tawanthaikitchen.se\/?page_id=102"},"modified":"2026-02-26T09:05:56","modified_gmt":"2026-02-26T07:05:56","slug":"hem","status":"publish","type":"page","link":"https:\/\/tawanthaikitchen.se\/","title":{"rendered":"Hem"},"content":{"rendered":"\n<p>&nbsp;<\/p>\n\n\n<\/p>\n<figure class=\"wp-block-image size-full\"><img loading=\"lazy\" decoding=\"async\" width=\"1024\" height=\"320\" class=\"wp-image-380\" src=\"https:\/\/tawanthaikitchen.se\/wp-content\/uploads\/2024\/11\/image.png\" alt=\"\" srcset=\"https:\/\/tawanthaikitchen.se\/wp-content\/uploads\/2024\/11\/image.png 1024w, https:\/\/tawanthaikitchen.se\/wp-content\/uploads\/2024\/11\/image-300x94.png 300w, https:\/\/tawanthaikitchen.se\/wp-content\/uploads\/2024\/11\/image-768x240.png 768w, https:\/\/tawanthaikitchen.se\/wp-content\/uploads\/2024\/11\/image-600x188.png 600w\" sizes=\"auto, (max-width: 1024px) 100vw, 1024px\" \/><\/figure>\n<\/p>\n\n\n<p>&nbsp;<\/p>\n\n\n\n<p><span style=\"font-family: helvetica, arial, sans-serif; font-size: 14pt;\">V\u00e4lkommen till Tawan Thai Kitchen!<\/span><\/p>\n\n\n<p><span style=\"font-family: helvetica, arial, sans-serif; font-size: 14pt;\">V\u00e5r v\u00e4lmeriterade kock har m\u00e5nga \u00e5rs erfarenhet av det thail\u00e4ndska k\u00f6ket. Vi anv\u00e4nder endast de b\u00e4sta ingredienser och r\u00e5varor f\u00f6r att f\u00e5 den \u00e4kta genuina thaismaken. S\u00e5 v\u00e4lkommen in till oss och prova sj\u00e4lv. Vi har \u00f6ppet varje dag i veckan!<\/span><\/p>\n\n\n<p><span style=\"font-family: helvetica, arial, sans-serif; font-size: 14pt;\">Vi har fullst\u00e4ndiga r\u00e4ttigheter!<\/span><\/p>\n\n\n\n<p><span style=\"font-family: helvetica, arial, sans-serif; font-size: 14pt;\">Kalasdags? D\u00e5 blir det catering s\u00e5klart. Kontakta oss p\u00e5 <a href=\"mailto: lars@tawanthaikitchen.se\">E-mail<\/a><\/span><\/p>\n\n\n\n<p><span style=\"font-family: helvetica, arial, sans-serif; font-size: 14pt;\">M\u00e5ndag \u2013 <span style=\"font-family: helvetica, arial, sans-serif; font-size: 14pt;\">Fredag<\/span> 16.00 &#8211; 21.00<br>L\u00f6rdag 12.00 &#8211; 21.00<br>S\u00f6ndag 12.00 &#8211; 20.00<\/span><\/p>\n\n\n\n<h4 class=\"wp-block-heading\">&nbsp;<\/h4>\n\n\n\n<center>\n<figure><img loading=\"lazy\" decoding=\"async\" class=\"size-full wp-image-184 aligncenter\" src=\"https:\/\/tawanthaikitchen.se\/wp-content\/uploads\/2018\/05\/inom.jpg\" alt=\"\" width=\"800\" height=\"400\" srcset=\"https:\/\/tawanthaikitchen.se\/wp-content\/uploads\/2018\/05\/inom.jpg 800w, https:\/\/tawanthaikitchen.se\/wp-content\/uploads\/2018\/05\/inom-300x150.jpg 300w, https:\/\/tawanthaikitchen.se\/wp-content\/uploads\/2018\/05\/inom-768x384.jpg 768w, https:\/\/tawanthaikitchen.se\/wp-content\/uploads\/2018\/05\/inom-600x300.jpg 600w\" sizes=\"auto, (max-width: 800px) 100vw, 800px\" \/><\/figure>\n<\/center>\n\n\n\n<p><\/p>\n\n\n\n\n\n\n","protected":false},"excerpt":{"rendered":"<p>&nbsp; &nbsp; V\u00e4lkommen till Tawan Thai Kitchen! V\u00e5r v\u00e4lmeriterade kock har m\u00e5nga \u00e5rs erfarenhet av det thail\u00e4ndska k\u00f6ket. Vi anv\u00e4nder endast de b\u00e4sta ingredienser och r\u00e5varor f\u00f6r att f\u00e5 den [&hellip;]<\/p>\n","protected":false},"author":1,"featured_media":0,"parent":0,"menu_order":0,"comment_status":"closed","ping_status":"closed","template":"","meta":{"_bbp_topic_count":0,"_bbp_reply_count":0,"_bbp_total_topic_count":0,"_bbp_total_reply_count":0,"_bbp_voice_count":0,"_bbp_anonymous_reply_count":0,"_bbp_topic_count_hidden":0,"_bbp_reply_count_hidden":0,"_bbp_forum_subforum_count":0,"footnotes":""},"class_list":["post-102","page","type-page","status-publish","hentry"],"aioseo_notices":[],"_links":{"self":[{"href":"https:\/\/tawanthaikitchen.se\/index.php?rest_route=\/wp\/v2\/pages\/102","targetHints":{"allow":["GET"]}}],"collection":[{"href":"https:\/\/tawanthaikitchen.se\/index.php?rest_route=\/wp\/v2\/pages"}],"about":[{"href":"https:\/\/tawanthaikitchen.se\/index.php?rest_route=\/wp\/v2\/types\/page"}],"author":[{"embeddable":true,"href":"https:\/\/tawanthaikitchen.se\/index.php?rest_route=\/wp\/v2\/users\/1"}],"replies":[{"embeddable":true,"href":"https:\/\/tawanthaikitchen.se\/index.php?rest_route=%2Fwp%2Fv2%2Fcomments&post=102"}],"version-history":[{"count":78,"href":"https:\/\/tawanthaikitchen.se\/index.php?rest_route=\/wp\/v2\/pages\/102\/revisions"}],"predecessor-version":[{"id":412,"href":"https:\/\/tawanthaikitchen.se\/index.php?rest_route=\/wp\/v2\/pages\/102\/revisions\/412"}],"wp:attachment":[{"href":"https:\/\/tawanthaikitchen.se\/index.php?rest_route=%2Fwp%2Fv2%2Fmedia&parent=102"}],"curies":[{"name":"wp","href":"https:\/\/api.w.org\/{rel}","templated":true}]}}