{"id":104,"date":"2018-05-26T10:15:16","date_gmt":"2018-05-26T08:15:16","guid":{"rendered":"https:\/\/tawanthaikitchen.se\/?page_id=104"},"modified":"2026-02-26T09:09:31","modified_gmt":"2026-02-26T07:09:31","slug":"kontakt","status":"publish","type":"page","link":"https:\/\/tawanthaikitchen.se\/?page_id=104","title":{"rendered":"Kontakt"},"content":{"rendered":"<p style=\"text-align: center;\"><span style=\"font-family: verdana, geneva, sans-serif; font-size: 12pt; color: #000000;\"><strong>M\u00e5ndag \u2013 Fredag 16.00 &#8211; 21.00\u00a0<\/strong><\/span><br \/><span style=\"font-family: verdana, geneva, sans-serif; font-size: 12pt; color: #000000;\"><strong>L\u00f6rdag 12.00 &#8211; 21.00<\/strong><\/span><br \/><span style=\"font-family: verdana, geneva, sans-serif; font-size: 12pt; color: #000000;\"><strong>S\u00f6ndag 12.00 &#8211; 20.00<\/strong><\/span><\/p>\n\n\n<p style=\"text-align: center;\"><span style=\"font-family: verdana, geneva, sans-serif; font-size: 12pt; color: #000000;\"><strong>TAWAN THAI KITCHEN<br \/>Hisingsgatan 21, 417 03 G\u00f6teborg<br \/>031-22 62 63<br \/><a href=\"mailto:niklas@bbk-ab.se\">niklas@bbk.se<\/a><\/strong><\/span><\/p>\n\n\n","protected":false},"excerpt":{"rendered":"<p>M\u00e5ndag \u2013 Fredag 16.00 &#8211; 21.00\u00a0L\u00f6rdag 12.00 &#8211; 21.00S\u00f6ndag 12.00 &#8211; 20.00 TAWAN THAI KITCHENHisingsgatan 21, 417 03 G\u00f6teborg031-22 62 63niklas@bbk.se<\/p>\n","protected":false},"author":1,"featured_media":0,"parent":0,"menu_order":0,"comment_status":"closed","ping_status":"closed","template":"","meta":{"_bbp_topic_count":0,"_bbp_reply_count":0,"_bbp_total_topic_count":0,"_bbp_total_reply_count":0,"_bbp_voice_count":0,"_bbp_anonymous_reply_count":0,"_bbp_topic_count_hidden":0,"_bbp_reply_count_hidden":0,"_bbp_forum_subforum_count":0,"footnotes":""},"class_list":["post-104","page","type-page","status-publish","hentry"],"aioseo_notices":[],"_links":{"self":[{"href":"https:\/\/tawanthaikitchen.se\/index.php?rest_route=\/wp\/v2\/pages\/104","targetHints":{"allow":["GET"]}}],"collection":[{"href":"https:\/\/tawanthaikitchen.se\/index.php?rest_route=\/wp\/v2\/pages"}],"about":[{"href":"https:\/\/tawanthaikitchen.se\/index.php?rest_route=\/wp\/v2\/types\/page"}],"author":[{"embeddable":true,"href":"https:\/\/tawanthaikitchen.se\/index.php?rest_route=\/wp\/v2\/users\/1"}],"replies":[{"embeddable":true,"href":"https:\/\/tawanthaikitchen.se\/index.php?rest_route=%2Fwp%2Fv2%2Fcomments&post=104"}],"version-history":[{"count":21,"href":"https:\/\/tawanthaikitchen.se\/index.php?rest_route=\/wp\/v2\/pages\/104\/revisions"}],"predecessor-version":[{"id":414,"href":"https:\/\/tawanthaikitchen.se\/index.php?rest_route=\/wp\/v2\/pages\/104\/revisions\/414"}],"wp:attachment":[{"href":"https:\/\/tawanthaikitchen.se\/index.php?rest_route=%2Fwp%2Fv2%2Fmedia&parent=104"}],"curies":[{"name":"wp","href":"https:\/\/api.w.org\/{rel}","templated":true}]}}